{"id":40281,"date":"2020-07-16T19:47:13","date_gmt":"2020-07-16T19:47:13","guid":{"rendered":"https:\/\/beremot.com\/producto\/vodka-beremot-lime\/"},"modified":"2020-07-16T19:47:13","modified_gmt":"2020-07-16T19:47:13","slug":"vodka-beremot-lime","status":"publish","type":"product","link":"https:\/\/beremot.com\/en\/producto\/vodka-beremot-lime\/","title":{"rendered":"Vodka Beremot Lime"},"content":{"rendered":"<p>Con unas persistentes e intensas notas c\u00edtricas, Beremot Lima se caracteriza por el sabor \u00e1cido que impregna esta fruta con ra\u00edces en Oriente Medio. La apuesta m\u00e1s refrescante de Beremot, sin dejar de lado la fuerza del vodka. 37,5% VOL.<\/p>\n","protected":false},"excerpt":{"rendered":"<p>Vodka refrescante con un toque a lima. 37,5% VOL<\/p>\n","protected":false},"featured_media":0,"template":"","meta":{"_acf_changed":false,"_et_pb_use_builder":"off","_et_pb_old_content":"Con unas persistentes e intensas notas c\u00edtricas, Beremot Lima se caracteriza por el sabor \u00e1cido que impregna esta fruta con ra\u00edces en Oriente Medio. La apuesta m\u00e1s refrescante de Beremot, sin dejar de lado la fuerza del vodka. 37,5% VOL. Formato: (Miniatura de 5 cl. \/ Miniatura de 10 cl. \/ Botella de 70 cl. \/ Botella de 175 cl.), seg\u00fan corresponda.","_et_gb_content_width":""},"product_brand":[],"product_cat":[40],"product_tag":[],"class_list":{"0":"post-40281","1":"product","2":"type-product","3":"status-publish","5":"product_cat-beremot-en","7":"first","8":"instock","9":"taxable","10":"shipping-taxable","11":"product-type-variable"},"acf":[],"yoast_head":"<!-- This site is optimized with the Yoast SEO plugin v26.4 - https:\/\/yoast.com\/wordpress\/plugins\/seo\/ -->\n<title>Vodka Beremot Lime - Beremot<\/title>\n<meta name=\"robots\" content=\"index, follow, max-snippet:-1, max-image-preview:large, max-video-preview:-1\" \/>\n<link rel=\"canonical\" href=\"https:\/\/beremot.com\/en\/producto\/vodka-beremot-lime\/\" \/>\n<meta property=\"og:locale\" content=\"en_US\" \/>\n<meta property=\"og:type\" content=\"article\" \/>\n<meta property=\"og:title\" content=\"Vodka Beremot Lime - Beremot\" \/>\n<meta property=\"og:description\" content=\"Vodka refrescante con un toque a lima. 37,5% VOL\" \/>\n<meta property=\"og:url\" content=\"https:\/\/beremot.com\/en\/producto\/vodka-beremot-lime\/\" \/>\n<meta property=\"og:site_name\" content=\"Beremot\" \/>\n<meta name=\"twitter:card\" content=\"summary_large_image\" \/>\n<script type=\"application\/ld+json\" class=\"yoast-schema-graph\">{\"@context\":\"https:\/\/schema.org\",\"@graph\":[{\"@type\":\"WebPage\",\"@id\":\"https:\/\/beremot.com\/en\/producto\/vodka-beremot-lime\/\",\"url\":\"https:\/\/beremot.com\/en\/producto\/vodka-beremot-lime\/\",\"name\":\"Vodka Beremot Lime - Beremot\",\"isPartOf\":{\"@id\":\"https:\/\/beremot.com\/en\/#website\"},\"datePublished\":\"2020-07-16T19:47:13+00:00\",\"breadcrumb\":{\"@id\":\"https:\/\/beremot.com\/en\/producto\/vodka-beremot-lime\/#breadcrumb\"},\"inLanguage\":\"en-US\",\"potentialAction\":[{\"@type\":\"ReadAction\",\"target\":[\"https:\/\/beremot.com\/en\/producto\/vodka-beremot-lime\/\"]}]},{\"@type\":\"BreadcrumbList\",\"@id\":\"https:\/\/beremot.com\/en\/producto\/vodka-beremot-lime\/#breadcrumb\",\"itemListElement\":[{\"@type\":\"ListItem\",\"position\":1,\"name\":\"Portada\",\"item\":\"https:\/\/beremot.com\/en\/home\/\"},{\"@type\":\"ListItem\",\"position\":2,\"name\":\"Products\",\"item\":\"https:\/\/beremot.com\/en\/shop\/\"},{\"@type\":\"ListItem\",\"position\":3,\"name\":\"Vodka Beremot Lime\"}]},{\"@type\":\"WebSite\",\"@id\":\"https:\/\/beremot.com\/en\/#website\",\"url\":\"https:\/\/beremot.com\/en\/\",\"name\":\"Beremot\",\"description\":\"Otro sitio m\u00e1s de Red Andalus\u00ed Destilerias sitios\",\"publisher\":{\"@id\":\"https:\/\/beremot.com\/en\/#organization\"},\"potentialAction\":[{\"@type\":\"SearchAction\",\"target\":{\"@type\":\"EntryPoint\",\"urlTemplate\":\"https:\/\/beremot.com\/en\/?s={search_term_string}\"},\"query-input\":{\"@type\":\"PropertyValueSpecification\",\"valueRequired\":true,\"valueName\":\"search_term_string\"}}],\"inLanguage\":\"en-US\"},{\"@type\":\"Organization\",\"@id\":\"https:\/\/beremot.com\/en\/#organization\",\"name\":\"Beremot\",\"url\":\"https:\/\/beremot.com\/en\/\",\"logo\":{\"@type\":\"ImageObject\",\"inLanguage\":\"en-US\",\"@id\":\"https:\/\/beremot.com\/en\/#\/schema\/logo\/image\/\",\"url\":\"https:\/\/beremot.com\/wp-content\/uploads\/sites\/3\/2020\/09\/beremot-logo-web.png\",\"contentUrl\":\"https:\/\/beremot.com\/wp-content\/uploads\/sites\/3\/2020\/09\/beremot-logo-web.png\",\"width\":753,\"height\":204,\"caption\":\"Beremot\"},\"image\":{\"@id\":\"https:\/\/beremot.com\/en\/#\/schema\/logo\/image\/\"}}]}<\/script>\n<!-- \/ Yoast SEO plugin. -->","yoast_head_json":{"title":"Vodka Beremot Lime - Beremot","robots":{"index":"index","follow":"follow","max-snippet":"max-snippet:-1","max-image-preview":"max-image-preview:large","max-video-preview":"max-video-preview:-1"},"canonical":"https:\/\/beremot.com\/en\/producto\/vodka-beremot-lime\/","og_locale":"en_US","og_type":"article","og_title":"Vodka Beremot Lime - Beremot","og_description":"Vodka refrescante con un toque a lima. 37,5% VOL","og_url":"https:\/\/beremot.com\/en\/producto\/vodka-beremot-lime\/","og_site_name":"Beremot","twitter_card":"summary_large_image","schema":{"@context":"https:\/\/schema.org","@graph":[{"@type":"WebPage","@id":"https:\/\/beremot.com\/en\/producto\/vodka-beremot-lime\/","url":"https:\/\/beremot.com\/en\/producto\/vodka-beremot-lime\/","name":"Vodka Beremot Lime - Beremot","isPartOf":{"@id":"https:\/\/beremot.com\/en\/#website"},"datePublished":"2020-07-16T19:47:13+00:00","breadcrumb":{"@id":"https:\/\/beremot.com\/en\/producto\/vodka-beremot-lime\/#breadcrumb"},"inLanguage":"en-US","potentialAction":[{"@type":"ReadAction","target":["https:\/\/beremot.com\/en\/producto\/vodka-beremot-lime\/"]}]},{"@type":"BreadcrumbList","@id":"https:\/\/beremot.com\/en\/producto\/vodka-beremot-lime\/#breadcrumb","itemListElement":[{"@type":"ListItem","position":1,"name":"Portada","item":"https:\/\/beremot.com\/en\/home\/"},{"@type":"ListItem","position":2,"name":"Products","item":"https:\/\/beremot.com\/en\/shop\/"},{"@type":"ListItem","position":3,"name":"Vodka Beremot Lime"}]},{"@type":"WebSite","@id":"https:\/\/beremot.com\/en\/#website","url":"https:\/\/beremot.com\/en\/","name":"Beremot","description":"Otro sitio m\u00e1s de Red Andalus\u00ed Destilerias sitios","publisher":{"@id":"https:\/\/beremot.com\/en\/#organization"},"potentialAction":[{"@type":"SearchAction","target":{"@type":"EntryPoint","urlTemplate":"https:\/\/beremot.com\/en\/?s={search_term_string}"},"query-input":{"@type":"PropertyValueSpecification","valueRequired":true,"valueName":"search_term_string"}}],"inLanguage":"en-US"},{"@type":"Organization","@id":"https:\/\/beremot.com\/en\/#organization","name":"Beremot","url":"https:\/\/beremot.com\/en\/","logo":{"@type":"ImageObject","inLanguage":"en-US","@id":"https:\/\/beremot.com\/en\/#\/schema\/logo\/image\/","url":"https:\/\/beremot.com\/wp-content\/uploads\/sites\/3\/2020\/09\/beremot-logo-web.png","contentUrl":"https:\/\/beremot.com\/wp-content\/uploads\/sites\/3\/2020\/09\/beremot-logo-web.png","width":753,"height":204,"caption":"Beremot"},"image":{"@id":"https:\/\/beremot.com\/en\/#\/schema\/logo\/image\/"}}]}},"_links":{"self":[{"href":"https:\/\/beremot.com\/en\/wp-json\/wp\/v2\/product\/40281","targetHints":{"allow":["GET"]}}],"collection":[{"href":"https:\/\/beremot.com\/en\/wp-json\/wp\/v2\/product"}],"about":[{"href":"https:\/\/beremot.com\/en\/wp-json\/wp\/v2\/types\/product"}],"wp:attachment":[{"href":"https:\/\/beremot.com\/en\/wp-json\/wp\/v2\/media?parent=40281"}],"wp:term":[{"taxonomy":"product_brand","embeddable":true,"href":"https:\/\/beremot.com\/en\/wp-json\/wp\/v2\/product_brand?post=40281"},{"taxonomy":"product_cat","embeddable":true,"href":"https:\/\/beremot.com\/en\/wp-json\/wp\/v2\/product_cat?post=40281"},{"taxonomy":"product_tag","embeddable":true,"href":"https:\/\/beremot.com\/en\/wp-json\/wp\/v2\/product_tag?post=40281"}],"curies":[{"name":"wp","href":"https:\/\/api.w.org\/{rel}","templated":true}]}}