{"id":39882,"date":"2021-02-10T16:12:34","date_gmt":"2021-02-10T16:12:34","guid":{"rendered":"https:\/\/beremot.com\/contact-us\/"},"modified":"2021-02-10T16:17:34","modified_gmt":"2021-02-10T16:17:34","slug":"contact-us","status":"publish","type":"page","link":"https:\/\/beremot.com\/en\/contact-us\/","title":{"rendered":"Contact us"},"content":{"rendered":"<p>[et_pb_section fb_built=&#8221;1&#8243; custom_padding_last_edited=&#8221;on|phone&#8221; _builder_version=&#8221;4.7.6&#8243; _module_preset=&#8221;default&#8221; background_color=&#8221;#bc9f77&#8243; custom_padding_tablet=&#8221;30px||||false|false&#8221; custom_padding_phone=&#8221;15px||||false|false&#8221; da_is_popup=&#8221;off&#8221; da_exit_intent=&#8221;off&#8221; da_has_close=&#8221;on&#8221; da_alt_close=&#8221;off&#8221; da_dark_close=&#8221;off&#8221; da_not_modal=&#8221;on&#8221; da_is_singular=&#8221;off&#8221; da_with_loader=&#8221;off&#8221; da_has_shadow=&#8221;on&#8221; da_disable_devices=&#8221;off|off|off&#8221;][et_pb_row _builder_version=&#8221;4.8.1&#8243; _module_preset=&#8221;default&#8221; background_color=&#8221;#000000&#8243; width=&#8221;100%&#8221; max_width=&#8221;100%&#8221; hover_enabled=&#8221;0&#8243; sticky_enabled=&#8221;0&#8243; custom_padding=&#8221;||35px||false|false&#8221; custom_padding_last_edited=&#8221;on|phone&#8221; custom_padding_tablet=&#8221;||18px||false|false&#8221;][et_pb_column type=&#8221;4_4&#8243; _builder_version=&#8221;4.6.1&#8243; _module_preset=&#8221;default&#8221;][et_pb_text _builder_version=&#8221;4.8.1&#8243; _module_preset=&#8221;default&#8221; text_font=&#8221;Open Baskerville||||||||&#8221; text_text_color=&#8221;#ffffff&#8221; text_font_size=&#8221;32px&#8221; text_letter_spacing=&#8221;0.2em&#8221; text_orientation=&#8221;center&#8221; hover_enabled=&#8221;0&#8243; text_font_size_tablet=&#8221;&#8221; text_font_size_phone=&#8221;20px&#8221; text_font_size_last_edited=&#8221;on|desktop&#8221; sticky_enabled=&#8221;0&#8243; header_font=&#8221;Open Baskerville||||||||&#8221; header_text_color=&#8221;#FFFFFF&#8221; header_font_size=&#8221;32px&#8221; header_font_size_last_edited=&#8221;on|phone&#8221; header_font_size_phone=&#8221;20px&#8221; custom_padding=&#8221;||0px||false|false&#8221; custom_margin=&#8221;||0px||false|false&#8221;]<\/p>\n<h1>CONTACT US<\/h1>\n<p>[\/et_pb_text][\/et_pb_column][\/et_pb_row][\/et_pb_section][et_pb_section fb_built=&#8221;1&#8243; custom_padding_last_edited=&#8221;on|tablet&#8221; _builder_version=&#8221;4.7.6&#8243; background_color=&#8221;#bc9f77&#8243; custom_padding=&#8221;2px|60px||60px|false|true&#8221; custom_padding_tablet=&#8221;|60px||60px|false|true&#8221; custom_padding_phone=&#8221;|30px||30px|false|true&#8221; da_is_popup=&#8221;off&#8221; da_exit_intent=&#8221;off&#8221; da_has_close=&#8221;on&#8221; da_alt_close=&#8221;off&#8221; da_dark_close=&#8221;off&#8221; da_not_modal=&#8221;on&#8221; da_is_singular=&#8221;off&#8221; da_with_loader=&#8221;off&#8221; da_has_shadow=&#8221;on&#8221; da_disable_devices=&#8221;off|off|off&#8221;][et_pb_row column_structure=&#8221;1_3,1_3,1_3&#8243; _builder_version=&#8221;4.7.4&#8243; width=&#8221;100%&#8221; max_width=&#8221;1420px&#8221; custom_margin=&#8221;0px||60px||false|false&#8221; custom_margin_tablet=&#8221;||30px||false|false&#8221; custom_margin_phone=&#8221;&#8221; custom_margin_last_edited=&#8221;on|tablet&#8221; custom_padding=&#8221;0px||0px||false|false&#8221; saved_tabs=&#8221;all&#8221;][et_pb_column type=&#8221;1_3&#8243; _builder_version=&#8221;4.4.8&#8243;][et_pb_blurb title=&#8221;EMAIL&#8221; use_icon=&#8221;on&#8221; font_icon=&#8221;%%109%%&#8221; icon_color=&#8221;#000000&#8243; use_icon_font_size=&#8221;on&#8221; icon_font_size=&#8221;28px&#8221; _builder_version=&#8221;4.7.4&#8243; _module_preset=&#8221;default&#8221; header_font=&#8221;Open Baskerville||||||||&#8221; header_text_color=&#8221;#ffffff&#8221; header_font_size=&#8221;20px&#8221; header_letter_spacing=&#8221;0.05em&#8221; body_font=&#8221;Century Gothic||||||||&#8221; body_text_color=&#8221;#000000&#8243; body_font_size=&#8221;16px&#8221; text_orientation=&#8221;center&#8221; custom_margin_tablet=&#8221;||15px||false|false&#8221; custom_margin_phone=&#8221;&#8221; custom_margin_last_edited=&#8221;on|phone&#8221;]<\/p>\n<p>info@beremot.com<\/p>\n<p>[\/et_pb_blurb][\/et_pb_column][et_pb_column type=&#8221;1_3&#8243; _builder_version=&#8221;4.4.8&#8243;][et_pb_blurb title=&#8221;ADDRESS&#8221; use_icon=&#8221;on&#8221; font_icon=&#8221;%%122%%&#8221; icon_color=&#8221;#000000&#8243; use_icon_font_size=&#8221;on&#8221; icon_font_size=&#8221;28px&#8221; _builder_version=&#8221;4.7.3&#8243; _module_preset=&#8221;default&#8221; header_font=&#8221;Open Baskerville||||||||&#8221; header_text_color=&#8221;#ffffff&#8221; header_font_size=&#8221;20px&#8221; header_letter_spacing=&#8221;0.05em&#8221; body_font=&#8221;Century Gothic||||||||&#8221; body_text_color=&#8221;#000000&#8243; body_font_size=&#8221;16px&#8221; text_orientation=&#8221;center&#8221; custom_margin_tablet=&#8221;||15px||false|false&#8221; custom_margin_phone=&#8221;&#8221; custom_margin_last_edited=&#8221;on|phone&#8221;]<\/p>\n<p><span>Calle Carniceros, 48 (Poliviso)<br \/> <\/span><span>41520, El Viso del Alcor, Sevilla<\/span><\/p>\n<p>[\/et_pb_blurb][\/et_pb_column][et_pb_column type=&#8221;1_3&#8243; _builder_version=&#8221;4.4.8&#8243;][et_pb_blurb title=&#8221;PHONE NUMBER&#8221; use_icon=&#8221;on&#8221; font_icon=&#8221;%%104%%&#8221; icon_color=&#8221;#000000&#8243; use_icon_font_size=&#8221;on&#8221; icon_font_size=&#8221;28px&#8221; _builder_version=&#8221;4.7.3&#8243; _module_preset=&#8221;default&#8221; header_font=&#8221;Open Baskerville||||||||&#8221; header_text_color=&#8221;#ffffff&#8221; header_font_size=&#8221;20px&#8221; header_letter_spacing=&#8221;0.05em&#8221; body_font=&#8221;Century Gothic||||||||&#8221; body_text_color=&#8221;#000000&#8243; body_font_size=&#8221;16px&#8221; text_orientation=&#8221;center&#8221; custom_margin_tablet=&#8221;||15px||false|false&#8221; custom_margin_phone=&#8221;&#8221; custom_margin_last_edited=&#8221;on|phone&#8221;]<\/p>\n<p><span>955 278 883<\/span><\/p>\n<p>[\/et_pb_blurb][\/et_pb_column][\/et_pb_row][et_pb_row _builder_version=&#8221;4.4.8&#8243; width=&#8221;100%&#8221; max_width=&#8221;1420px&#8221; custom_margin=&#8221;0px||0px||false|false&#8221; custom_padding=&#8221;0px||0px||false|false&#8221;][et_pb_column type=&#8221;4_4&#8243; _builder_version=&#8221;4.4.8&#8243;][et_pb_text _builder_version=&#8221;4.6.1&#8243; _module_preset=&#8221;default&#8221; text_font=&#8221;Century Gothic||||||||&#8221; text_text_color=&#8221;#000000&#8243; text_font_size=&#8221;18px&#8221; custom_margin=&#8221;||15px|42px|false|false&#8221; custom_margin_tablet=&#8221;|||20px|false|false&#8221; custom_margin_phone=&#8221;|||12px|false|false&#8221; custom_margin_last_edited=&#8221;on|desktop&#8221;]<\/p>\n<p><span style=\"font-weight: 400;\">Select which department you want to contact<\/span><\/p>\n<p>[\/et_pb_text][et_pb_code _builder_version=&#8221;4.6.1&#8243; _module_preset=&#8221;default&#8221;]\n<div class=\"wpcf7 no-js\" id=\"wpcf7-f35047-o1\" lang=\"es-ES\" dir=\"ltr\" data-wpcf7-id=\"35047\">\n<div class=\"screen-reader-response\"><p role=\"status\" aria-live=\"polite\" aria-atomic=\"true\"><\/p> <ul><\/ul><\/div>\n<form action=\"\/en\/wp-json\/wp\/v2\/pages\/39882#wpcf7-f35047-o1\" method=\"post\" class=\"wpcf7-form init\" aria-label=\"Formulario de contacto\" novalidate=\"novalidate\" data-status=\"init\">\n<fieldset class=\"hidden-fields-container\"><input type=\"hidden\" name=\"_wpcf7\" value=\"35047\" \/><input type=\"hidden\" name=\"_wpcf7_version\" value=\"6.1.3\" \/><input type=\"hidden\" name=\"_wpcf7_locale\" value=\"es_ES\" \/><input type=\"hidden\" name=\"_wpcf7_unit_tag\" value=\"wpcf7-f35047-o1\" \/><input type=\"hidden\" name=\"_wpcf7_container_post\" value=\"0\" \/><input type=\"hidden\" name=\"_wpcf7_posted_data_hash\" value=\"\" \/><input type=\"hidden\" name=\"_wpcf7_recaptcha_response\" value=\"\" \/>\n<\/fieldset>\n<div class=\"et_pb_contact\">\n\t<p class=\"et_pb_contact_field et_pb_contact_field_0\"><br \/>\n<span class=\"wpcf7-form-control-wrap\" data-name=\"departamento\"><select class=\"wpcf7-form-control wpcf7-select wpcf7-validates-as-required\" aria-required=\"true\" aria-invalid=\"false\" name=\"departamento\"><option value=\"\">DEPARTAMENTO<\/option><option value=\"GENERAL\">GENERAL<\/option><option value=\"RECURSOS HUMANOS\">RECURSOS HUMANOS<\/option><option value=\"COMUNICACI\u00d3N\">COMUNICACI\u00d3N<\/option><option value=\"MARKETING\">MARKETING<\/option><\/select><\/span>\n\t<\/p>\n\t<p class=\"et_pb_contact_field et_pb_contact_field_0 et_pb_contact_field_half\"><br \/>\n<span class=\"wpcf7-form-control-wrap\" data-name=\"your-name\"><input size=\"40\" maxlength=\"400\" class=\"wpcf7-form-control wpcf7-text wpcf7-validates-as-required input\" aria-required=\"true\" aria-invalid=\"false\" placeholder=\"Nombre y apellidos\" value=\"\" type=\"text\" name=\"your-name\" \/><\/span>\n\t<\/p>\n\t<p class=\"et_pb_contact_field et_pb_contact_field_0 et_pb_contact_field_half et_pb_contact_field_last\"><br \/>\n<span class=\"wpcf7-form-control-wrap\" data-name=\"your-email\"><input size=\"40\" maxlength=\"400\" class=\"wpcf7-form-control wpcf7-email wpcf7-validates-as-required wpcf7-text wpcf7-validates-as-email input\" aria-required=\"true\" aria-invalid=\"false\" placeholder=\"Correo electr\u00f3nico\" value=\"\" type=\"email\" name=\"your-email\" \/><\/span>\n\t<\/p>\n\t<p class=\"et_pb_contact_field et_pb_contact_field_0 et_pb_contact_field_half\"><br \/>\n<span class=\"wpcf7-form-control-wrap\" data-name=\"phone\"><input size=\"40\" maxlength=\"400\" class=\"wpcf7-form-control wpcf7-text input\" aria-invalid=\"false\" placeholder=\"Tel\u00e9fono\" value=\"\" type=\"text\" name=\"phone\" \/><\/span>\n\t<\/p>\n\t<p class=\"et_pb_contact_field et_pb_contact_field_0 et_pb_contact_field_half et_pb_contact_field_last\"><br \/>\n<span class=\"wpcf7-form-control-wrap\" data-name=\"your-subject\"><input size=\"40\" maxlength=\"400\" class=\"wpcf7-form-control wpcf7-text input\" aria-invalid=\"false\" placeholder=\"Asunto\" value=\"\" type=\"text\" name=\"your-subject\" \/><\/span>\n\t<\/p>\n\t<p class=\"et_pb_contact_field et_pb_contact_field_4 et_pb_contact_field_last\"><br \/>\n<span class=\"wpcf7-form-control-wrap\" data-name=\"your-message\"><textarea cols=\"10\" rows=\"3\" maxlength=\"2000\" class=\"wpcf7-form-control wpcf7-textarea\" aria-invalid=\"false\" placeholder=\"Mensaje\" name=\"your-message\"><\/textarea><\/span>\n\t<\/p>\n<\/div>\n<div class=\"form_legacy\">\n\t<p class=\"wpcf7-checkbox\"><span class=\"wpcf7-form-control-wrap\" data-name=\"politica_acepta\"><span class=\"wpcf7-form-control wpcf7-acceptance\"><span class=\"wpcf7-list-item\"><input type=\"checkbox\" name=\"politica_acepta\" value=\"1\" id=\"politica_acepta\" aria-invalid=\"false\" \/><\/span><\/span><\/span> He le\u00eddo y acepto la <label for=\"politica_acepta\"><a href=\"https:\/\/beremot.com\/politica-de-privacidad\/\" target=\"_blank\" >Pol\u00edtica de privacidad<\/a><\/label> del sitio y las condiciones de tratamiento de mis datos de car\u00e1cter personal.\n\t<\/p>\n\t<div class=\"legacy-info\">\n\t\t<p>Los datos de car\u00e1cter personal que facilites en este formulario ser\u00e1n tratados por Andalus\u00ed Beverages Sociedad Limitada, con la finalidad de gestionar tus compras y enviar informaci\u00f3n. La legitimaci\u00f3n se realiza a trav\u00e9s de tu consentimiento. Puedes ejercitar los derechos de acceso, rectificaci\u00f3n, cancelaci\u00f3n y oposici\u00f3n en info@beremot.com. Para m\u00e1s informaci\u00f3n puedes consultar la <a href=\"https:\/\/beremot.com\/politica-de-privacidad\/\">Pol\u00edtica de Privacidad<\/a>.\n\t\t<\/p>\n\t<\/div>\n<\/div>\n<p class=\"et_pb_contact_field et_pb_contact_field_4 et_pb_contact_field_last\"><br \/>\n<input class=\"wpcf7-form-control wpcf7-submit has-spinner contact_button\" type=\"submit\" value=\"Enviar\" \/>\n<\/p><div class=\"wpcf7-response-output\" aria-hidden=\"true\"><\/div>\n<\/form>\n<\/div>\n[\/et_pb_code][\/et_pb_column][\/et_pb_row][\/et_pb_section]<\/p>\n","protected":false},"excerpt":{"rendered":"<p>CONTACT US info@beremot.comCalle Carniceros, 48 (Poliviso) 41520, El Viso del Alcor, Sevilla955 278 883Select which department you want to contact\n<div class=\"wpcf7 no-js\" id=\"wpcf7-f35047-o2\" lang=\"es-ES\" dir=\"ltr\" data-wpcf7-id=\"35047\">\n<div class=\"screen-reader-response\"><p role=\"status\" aria-live=\"polite\" aria-atomic=\"true\"><\/p> <ul><\/ul><\/div>\n<form action=\"\/en\/wp-json\/wp\/v2\/pages\/39882#wpcf7-f35047-o2\" method=\"post\" class=\"wpcf7-form init\" aria-label=\"Formulario de contacto\" novalidate=\"novalidate\" data-status=\"init\">\n<fieldset class=\"hidden-fields-container\"><input type=\"hidden\" name=\"_wpcf7\" value=\"35047\" \/><input type=\"hidden\" name=\"_wpcf7_version\" value=\"6.1.3\" \/><input type=\"hidden\" name=\"_wpcf7_locale\" value=\"es_ES\" \/><input type=\"hidden\" name=\"_wpcf7_unit_tag\" value=\"wpcf7-f35047-o2\" \/><input type=\"hidden\" name=\"_wpcf7_container_post\" value=\"0\" \/><input type=\"hidden\" name=\"_wpcf7_posted_data_hash\" value=\"\" \/><input type=\"hidden\" name=\"_wpcf7_recaptcha_response\" value=\"\" \/>\n<\/fieldset>\n<div class=\"et_pb_contact\">\n\t<p class=\"et_pb_contact_field et_pb_contact_field_0\"><br \/>\n<span class=\"wpcf7-form-control-wrap\" data-name=\"departamento\"><select class=\"wpcf7-form-control wpcf7-select wpcf7-validates-as-required\" aria-required=\"true\" aria-invalid=\"false\" name=\"departamento\"><option value=\"\">DEPARTAMENTO<\/option><option value=\"GENERAL\">GENERAL<\/option><option value=\"RECURSOS HUMANOS\">RECURSOS HUMANOS<\/option><option value=\"COMUNICACI\u00d3N\">COMUNICACI\u00d3N<\/option><option value=\"MARKETING\">MARKETING<\/option><\/select><\/span>\n\t<\/p>\n\t<p class=\"et_pb_contact_field et_pb_contact_field_0 et_pb_contact_field_half\"><br \/>\n<span class=\"wpcf7-form-control-wrap\" data-name=\"your-name\"><input size=\"40\" maxlength=\"400\" class=\"wpcf7-form-control wpcf7-text wpcf7-validates-as-required input\" aria-required=\"true\" aria-invalid=\"false\" placeholder=\"Nombre y apellidos\" value=\"\" type=\"text\" name=\"your-name\" \/><\/span>\n\t<\/p>\n\t<p class=\"et_pb_contact_field et_pb_contact_field_0 et_pb_contact_field_half et_pb_contact_field_last\"><br \/>\n<span class=\"wpcf7-form-control-wrap\" data-name=\"your-email\"><input size=\"40\" maxlength=\"400\" class=\"wpcf7-form-control wpcf7-email wpcf7-validates-as-required wpcf7-text wpcf7-validates-as-email input\" aria-required=\"true\" aria-invalid=\"false\" placeholder=\"Correo electr\u00f3nico\" value=\"\" type=\"email\" name=\"your-email\" \/><\/span>\n\t<\/p>\n\t<p class=\"et_pb_contact_field et_pb_contact_field_0 et_pb_contact_field_half\"><br \/>\n<span class=\"wpcf7-form-control-wrap\" data-name=\"phone\"><input size=\"40\" maxlength=\"400\" class=\"wpcf7-form-control wpcf7-text input\" aria-invalid=\"false\" placeholder=\"Tel\u00e9fono\" value=\"\" type=\"text\" name=\"phone\" \/><\/span>\n\t<\/p>\n\t<p class=\"et_pb_contact_field et_pb_contact_field_0 et_pb_contact_field_half et_pb_contact_field_last\"><br \/>\n<span class=\"wpcf7-form-control-wrap\" data-name=\"your-subject\"><input size=\"40\" maxlength=\"400\" class=\"wpcf7-form-control wpcf7-text input\" aria-invalid=\"false\" placeholder=\"Asunto\" value=\"\" type=\"text\" name=\"your-subject\" \/><\/span>\n\t<\/p>\n\t<p class=\"et_pb_contact_field et_pb_contact_field_4 et_pb_contact_field_last\"><br \/>\n<span class=\"wpcf7-form-control-wrap\" data-name=\"your-message\"><textarea cols=\"10\" rows=\"3\" maxlength=\"2000\" class=\"wpcf7-form-control wpcf7-textarea\" aria-invalid=\"false\" placeholder=\"Mensaje\" name=\"your-message\"><\/textarea><\/span>\n\t<\/p>\n<\/div>\n<div class=\"form_legacy\">\n\t<p class=\"wpcf7-checkbox\"><span class=\"wpcf7-form-control-wrap\" data-name=\"politica_acepta\"><span class=\"wpcf7-form-control wpcf7-acceptance\"><span class=\"wpcf7-list-item\"><input type=\"checkbox\" name=\"politica_acepta\" value=\"1\" aria-invalid=\"false\" \/><\/span><\/span><\/span> He le\u00eddo y acepto la <label for=\"politica_acepta\"><a href=\"https:\/\/beremot.com\/politica-de-privacidad\/\" target=\"_blank\" >Pol\u00edtica de privacidad<\/a><\/label> del sitio y las condiciones de tratamiento de mis datos de car\u00e1cter personal.\n\t<\/p>\n\t<div class=\"legacy-info\">\n\t\t<p>Los datos de car\u00e1cter personal que facilites en este formulario ser\u00e1n tratados por Andalus\u00ed Beverages Sociedad Limitada, con la finalidad de gestionar tus compras y enviar informaci\u00f3n. La legitimaci\u00f3n se realiza a trav\u00e9s de tu consentimiento. Puedes ejercitar los derechos de acceso, rectificaci\u00f3n, cancelaci\u00f3n y oposici\u00f3n en info@beremot.com. Para m\u00e1s informaci\u00f3n puedes consultar la <a href=\"https:\/\/beremot.com\/politica-de-privacidad\/\">Pol\u00edtica de Privacidad<\/a>.\n\t\t<\/p>\n\t<\/div>\n<\/div>\n<p class=\"et_pb_contact_field et_pb_contact_field_4 et_pb_contact_field_last\"><br \/>\n<input class=\"wpcf7-form-control wpcf7-submit has-spinner contact_button\" type=\"submit\" value=\"Enviar\" \/>\n<\/p><div class=\"wpcf7-response-output\" aria-hidden=\"true\"><\/div>\n<\/form>\n<\/div>\n<\/p>\n","protected":false},"author":1,"featured_media":0,"parent":0,"menu_order":0,"comment_status":"closed","ping_status":"closed","template":"","meta":{"_acf_changed":false,"_et_pb_use_builder":"on","_et_pb_old_content":"","_et_gb_content_width":"","footnotes":""},"class_list":["post-39882","page","type-page","status-publish","hentry"],"acf":[],"yoast_head":"<!-- This site is optimized with the Yoast SEO plugin v26.4 - https:\/\/yoast.com\/wordpress\/plugins\/seo\/ -->\n<title>Contact us - Beremot<\/title>\n<meta name=\"robots\" content=\"index, follow, max-snippet:-1, max-image-preview:large, max-video-preview:-1\" \/>\n<link rel=\"canonical\" href=\"https:\/\/beremot.com\/en\/contact-us\/\" \/>\n<meta property=\"og:locale\" content=\"en_US\" \/>\n<meta property=\"og:type\" content=\"article\" \/>\n<meta property=\"og:title\" content=\"Contact us - Beremot\" \/>\n<meta property=\"og:description\" content=\"CONTACT US info@beremot.comCalle Carniceros, 48 (Poliviso) 41520, El Viso del Alcor, Sevilla955 278 883Select which department you want to contact\" \/>\n<meta property=\"og:url\" content=\"https:\/\/beremot.com\/en\/contact-us\/\" \/>\n<meta property=\"og:site_name\" content=\"Beremot\" \/>\n<meta property=\"article:modified_time\" content=\"2021-02-10T16:17:34+00:00\" \/>\n<meta name=\"twitter:card\" content=\"summary_large_image\" \/>\n<meta name=\"twitter:label1\" content=\"Est. reading time\" \/>\n\t<meta name=\"twitter:data1\" content=\"4 minutes\" \/>\n<script type=\"application\/ld+json\" class=\"yoast-schema-graph\">{\"@context\":\"https:\/\/schema.org\",\"@graph\":[{\"@type\":\"WebPage\",\"@id\":\"https:\/\/beremot.com\/en\/contact-us\/\",\"url\":\"https:\/\/beremot.com\/en\/contact-us\/\",\"name\":\"Contact us - Beremot\",\"isPartOf\":{\"@id\":\"https:\/\/beremot.com\/en\/#website\"},\"datePublished\":\"2021-02-10T16:12:34+00:00\",\"dateModified\":\"2021-02-10T16:17:34+00:00\",\"breadcrumb\":{\"@id\":\"https:\/\/beremot.com\/en\/contact-us\/#breadcrumb\"},\"inLanguage\":\"en-US\",\"potentialAction\":[{\"@type\":\"ReadAction\",\"target\":[\"https:\/\/beremot.com\/en\/contact-us\/\"]}]},{\"@type\":\"BreadcrumbList\",\"@id\":\"https:\/\/beremot.com\/en\/contact-us\/#breadcrumb\",\"itemListElement\":[{\"@type\":\"ListItem\",\"position\":1,\"name\":\"Portada\",\"item\":\"https:\/\/beremot.com\/en\/home\/\"},{\"@type\":\"ListItem\",\"position\":2,\"name\":\"Contact us\"}]},{\"@type\":\"WebSite\",\"@id\":\"https:\/\/beremot.com\/en\/#website\",\"url\":\"https:\/\/beremot.com\/en\/\",\"name\":\"Beremot\",\"description\":\"Otro sitio m\u00e1s de Red Andalus\u00ed Destilerias sitios\",\"publisher\":{\"@id\":\"https:\/\/beremot.com\/en\/#organization\"},\"potentialAction\":[{\"@type\":\"SearchAction\",\"target\":{\"@type\":\"EntryPoint\",\"urlTemplate\":\"https:\/\/beremot.com\/en\/?s={search_term_string}\"},\"query-input\":{\"@type\":\"PropertyValueSpecification\",\"valueRequired\":true,\"valueName\":\"search_term_string\"}}],\"inLanguage\":\"en-US\"},{\"@type\":\"Organization\",\"@id\":\"https:\/\/beremot.com\/en\/#organization\",\"name\":\"Beremot\",\"url\":\"https:\/\/beremot.com\/en\/\",\"logo\":{\"@type\":\"ImageObject\",\"inLanguage\":\"en-US\",\"@id\":\"https:\/\/beremot.com\/en\/#\/schema\/logo\/image\/\",\"url\":\"https:\/\/beremot.com\/wp-content\/uploads\/sites\/3\/2020\/09\/beremot-logo-web.png\",\"contentUrl\":\"https:\/\/beremot.com\/wp-content\/uploads\/sites\/3\/2020\/09\/beremot-logo-web.png\",\"width\":753,\"height\":204,\"caption\":\"Beremot\"},\"image\":{\"@id\":\"https:\/\/beremot.com\/en\/#\/schema\/logo\/image\/\"}}]}<\/script>\n<!-- \/ Yoast SEO plugin. -->","yoast_head_json":{"title":"Contact us - Beremot","robots":{"index":"index","follow":"follow","max-snippet":"max-snippet:-1","max-image-preview":"max-image-preview:large","max-video-preview":"max-video-preview:-1"},"canonical":"https:\/\/beremot.com\/en\/contact-us\/","og_locale":"en_US","og_type":"article","og_title":"Contact us - Beremot","og_description":"CONTACT US info@beremot.comCalle Carniceros, 48 (Poliviso) 41520, El Viso del Alcor, Sevilla955 278 883Select which department you want to contact","og_url":"https:\/\/beremot.com\/en\/contact-us\/","og_site_name":"Beremot","article_modified_time":"2021-02-10T16:17:34+00:00","twitter_card":"summary_large_image","twitter_misc":{"Est. reading time":"4 minutes"},"schema":{"@context":"https:\/\/schema.org","@graph":[{"@type":"WebPage","@id":"https:\/\/beremot.com\/en\/contact-us\/","url":"https:\/\/beremot.com\/en\/contact-us\/","name":"Contact us - Beremot","isPartOf":{"@id":"https:\/\/beremot.com\/en\/#website"},"datePublished":"2021-02-10T16:12:34+00:00","dateModified":"2021-02-10T16:17:34+00:00","breadcrumb":{"@id":"https:\/\/beremot.com\/en\/contact-us\/#breadcrumb"},"inLanguage":"en-US","potentialAction":[{"@type":"ReadAction","target":["https:\/\/beremot.com\/en\/contact-us\/"]}]},{"@type":"BreadcrumbList","@id":"https:\/\/beremot.com\/en\/contact-us\/#breadcrumb","itemListElement":[{"@type":"ListItem","position":1,"name":"Portada","item":"https:\/\/beremot.com\/en\/home\/"},{"@type":"ListItem","position":2,"name":"Contact us"}]},{"@type":"WebSite","@id":"https:\/\/beremot.com\/en\/#website","url":"https:\/\/beremot.com\/en\/","name":"Beremot","description":"Otro sitio m\u00e1s de Red Andalus\u00ed Destilerias sitios","publisher":{"@id":"https:\/\/beremot.com\/en\/#organization"},"potentialAction":[{"@type":"SearchAction","target":{"@type":"EntryPoint","urlTemplate":"https:\/\/beremot.com\/en\/?s={search_term_string}"},"query-input":{"@type":"PropertyValueSpecification","valueRequired":true,"valueName":"search_term_string"}}],"inLanguage":"en-US"},{"@type":"Organization","@id":"https:\/\/beremot.com\/en\/#organization","name":"Beremot","url":"https:\/\/beremot.com\/en\/","logo":{"@type":"ImageObject","inLanguage":"en-US","@id":"https:\/\/beremot.com\/en\/#\/schema\/logo\/image\/","url":"https:\/\/beremot.com\/wp-content\/uploads\/sites\/3\/2020\/09\/beremot-logo-web.png","contentUrl":"https:\/\/beremot.com\/wp-content\/uploads\/sites\/3\/2020\/09\/beremot-logo-web.png","width":753,"height":204,"caption":"Beremot"},"image":{"@id":"https:\/\/beremot.com\/en\/#\/schema\/logo\/image\/"}}]}},"_links":{"self":[{"href":"https:\/\/beremot.com\/en\/wp-json\/wp\/v2\/pages\/39882","targetHints":{"allow":["GET"]}}],"collection":[{"href":"https:\/\/beremot.com\/en\/wp-json\/wp\/v2\/pages"}],"about":[{"href":"https:\/\/beremot.com\/en\/wp-json\/wp\/v2\/types\/page"}],"author":[{"embeddable":true,"href":"https:\/\/beremot.com\/en\/wp-json\/wp\/v2\/users\/1"}],"replies":[{"embeddable":true,"href":"https:\/\/beremot.com\/en\/wp-json\/wp\/v2\/comments?post=39882"}],"version-history":[{"count":6,"href":"https:\/\/beremot.com\/en\/wp-json\/wp\/v2\/pages\/39882\/revisions"}],"predecessor-version":[{"id":39893,"href":"https:\/\/beremot.com\/en\/wp-json\/wp\/v2\/pages\/39882\/revisions\/39893"}],"wp:attachment":[{"href":"https:\/\/beremot.com\/en\/wp-json\/wp\/v2\/media?parent=39882"}],"curies":[{"name":"wp","href":"https:\/\/api.w.org\/{rel}","templated":true}]}}