{"id":39879,"date":"2021-02-10T16:10:28","date_gmt":"2021-02-10T16:10:28","guid":{"rendered":"https:\/\/beremot.com\/privacy-policy\/"},"modified":"2021-02-10T16:10:29","modified_gmt":"2021-02-10T16:10:29","slug":"privacy-policy","status":"publish","type":"page","link":"https:\/\/beremot.com\/en\/privacy-policy\/","title":{"rendered":"Privacy policy"},"content":{"rendered":"<p>[et_pb_section fb_built=&#8221;1&#8243; custom_padding_last_edited=&#8221;on|phone&#8221; _builder_version=&#8221;4.7.6&#8243; _module_preset=&#8221;default&#8221; custom_padding_tablet=&#8221;|60px||60px|false|true&#8221; custom_padding_phone=&#8221;30px|30px||30px|false|true&#8221; hover_enabled=&#8221;0&#8243; da_disable_devices=&#8221;off|off|off&#8221; border_width_top=&#8221;6px&#8221; border_color_top=&#8221;#000000&#8243; locked=&#8221;off&#8221; sticky_enabled=&#8221;0&#8243; da_is_popup=&#8221;off&#8221; da_exit_intent=&#8221;off&#8221; da_has_close=&#8221;on&#8221; da_alt_close=&#8221;off&#8221; da_dark_close=&#8221;off&#8221; da_not_modal=&#8221;on&#8221; da_is_singular=&#8221;off&#8221; da_with_loader=&#8221;off&#8221; da_has_shadow=&#8221;on&#8221;][et_pb_row _builder_version=&#8221;4.7.6&#8243; _module_preset=&#8221;default&#8221; width_tablet=&#8221;100%&#8221; width_phone=&#8221;&#8221; width_last_edited=&#8221;on|phone&#8221; custom_margin_tablet=&#8221;|0px||0px|false|true&#8221; custom_margin_phone=&#8221;|0px||0px|false|true&#8221; custom_margin_last_edited=&#8221;on|tablet&#8221; custom_padding=&#8221;0px||||false|false&#8221;][et_pb_column type=&#8221;4_4&#8243; _builder_version=&#8221;4.5.1&#8243; _module_preset=&#8221;default&#8221;][et_pb_text _builder_version=&#8221;4.6.1&#8243; text_font=&#8221;Cantoria Semibold||||||||&#8221; text_text_color=&#8221;#010101&#8243; text_font_size=&#8221;25px&#8221; text_line_height=&#8221;1.1em&#8221; header_font=&#8221;Open Baskerville|||on|||||&#8221; header_text_color=&#8221;#000000&#8243; header_font_size=&#8221;60px&#8221; header_2_font=&#8221;Open Baskerville|||on|||||&#8221; header_2_text_color=&#8221;#303030&#8243; header_2_font_size=&#8221;60px&#8221; header_3_font=&#8221;Cantoria Semibold|||on|||||&#8221; header_3_text_color=&#8221;#010101&#8243; header_3_font_size=&#8221;28px&#8221; max_width_tablet=&#8221;&#8221; max_width_phone=&#8221;&#8221; max_width_last_edited=&#8221;on|desktop&#8221; custom_margin=&#8221;0px|0px|30px|0px|false|false&#8221; custom_margin_tablet=&#8221;0px||30px||false|true&#8221; custom_margin_phone=&#8221;&#8221; custom_margin_last_edited=&#8221;on|tablet&#8221; text_font_size_tablet=&#8221;&#8221; text_font_size_phone=&#8221;18px&#8221; text_font_size_last_edited=&#8221;on|phone&#8221; header_font_size_tablet=&#8221;&#8221; header_font_size_phone=&#8221;30px&#8221; header_font_size_last_edited=&#8221;on|phone&#8221; header_2_font_size_tablet=&#8221;&#8221; header_2_font_size_phone=&#8221;30px&#8221; header_2_font_size_last_edited=&#8221;on|desktop&#8221; custom_css_main_element=&#8221;overflow-wrap:normal !important;||width: 100% !important;&#8221; locked=&#8221;off&#8221; custom_css_main_element_last_edited=&#8221;on|desktop&#8221;]<\/p>\n<h1>Privacy policy<\/h1>\n<p>[\/et_pb_text][et_pb_text _builder_version=&#8221;4.7.6&#8243; text_font=&#8221;Century Gothic||||||||&#8221; text_text_color=&#8221;#010101&#8243; text_font_size=&#8221;25px&#8221; text_letter_spacing=&#8221;0.05px&#8221; text_line_height=&#8221;1.1em&#8221; header_2_font=&#8221;Cantoria Semibold|||on|||||&#8221; header_2_text_color=&#8221;#945034&#8243; header_2_font_size=&#8221;60px&#8221; header_3_font=&#8221;Century Gothic Bold|||on|||||&#8221; header_3_text_color=&#8221;#010101&#8243; header_3_font_size=&#8221;28px&#8221; max_width_tablet=&#8221;&#8221; max_width_phone=&#8221;&#8221; max_width_last_edited=&#8221;on|desktop&#8221; custom_margin=&#8221;0px|0px|0px|0px|false|false&#8221; custom_margin_tablet=&#8221;||||true|true&#8221; custom_margin_phone=&#8221;&#8221; custom_margin_last_edited=&#8221;on|phone&#8221; text_font_size_tablet=&#8221;&#8221; text_font_size_phone=&#8221;16px&#8221; text_font_size_last_edited=&#8221;on|phone&#8221; header_2_font_size_tablet=&#8221;&#8221; header_2_font_size_phone=&#8221;30px&#8221; header_2_font_size_last_edited=&#8221;on|phone&#8221; locked=&#8221;off&#8221; custom_css_main_element_last_edited=&#8221;on|desktop&#8221;]<\/p>\n<p><strong>Domain name<\/strong>: beremot.com<\/p>\n<p><strong>Brand name<\/strong>: Vodka Beremot<\/p>\n<p><strong>Company Name<\/strong>: Andalus\u00ed Beverages Sociedad Limitada<\/p>\n<p><strong>Trade name<\/strong>: Andalus\u00ed Beverages<\/p>\n<p><strong>Registered Office<\/strong>: Calle Jos\u00e9 Abascal, 48 \u2013 PISO 4 A, Madrid, 28003, Madrid<\/p>\n<p><strong>TAX ID (NIF) NUMBER<\/strong>: B90196866<\/p>\n<p><strong>Phone number<\/strong>: 955278883<\/p>\n<p><strong>Email address<\/strong>: info@beremot.com<\/p>\n<p><strong>Registration details<\/strong>: Trade Registry of Seville, Volume 6013, Folio 7, Page No. SE-105108, 1st registration.<\/p>\n<p>&nbsp;<\/p>\n<p><strong>DATA PROCESSING<\/strong><\/p>\n<p>In accordance with Organic Law 15\/1999 of 13 December on Protection of Personal Data and the Guarantee of Digital Rights (GDPR-GDD), we hereby inform you that your personal data are processed by ANDALUS\u00cd BEVERAGES, S.L. for the management and control of contractual relations, as well as for advertising or market research on our products and services. Performance of a contract or our legitimate interest are grounds for legitimisation. Your data shall not be transferred to third parties unless there is a legal obligation to do so, and shall be stored as long as the business relationship is maintained or for the years necessary to comply with legal obligations. We inform you of your access, rectification, cancellation, objection, and processing limitation rights regarding your personal data. To exercise such rights, write a mail to ANDALUS\u00cd BEVERAGES, S.L. or send an email to administracion@beremot.com.<\/p>\n<p>The provider informs and expressly ensures users that their personal data shall not be yielded in any case to third-party companies, and that whenever any type of transfer of personal data is to be made, the express, informed, and unequivocal consent of their owners shall be previously requested.<\/p>\n<p>By ticking the checkbox, users expressly and freely accept that their personal data shall be processed by the provider for the following purposes:<\/p>\n<p>To forward commercial advertising communications by email, fax, SMS, MMS, social media or any other electronic or physical means, present or future, that allow for commercial communications. These commercial communications shall be related to goods or services offered by the provider, as well as by the collaborators or partners with whom the provider has reached an agreement of commercial promotion among its clients. In this case, third-parties shall never have access to the personal data. In any case, commercial communications shall be carried out by the provider and shall be related to goods and services from the provider&#8217;s industry. <br \/>To carry out statistical studies. <br \/>To process orders, requests or any other type of petition that is made by the user through any of the contact options made available to the user on the company&#8217;s website. <br \/>To send the website&#8217;s newsletter. <br \/>All data requested through the website are mandatory, as they are necessary for the provision of an optimal service to the user. In the event that not all data are provided, the provider does not guarantee that the information and services provided shall be fully tailored to their needs. <br \/>Similarly, the user may unsubscribe from any of the subscription services provided by clicking on the &#8216;Unsubscribe&#8217; section of all e-mails sent by the provider.<\/p>\n<p>Likewise, the provider has adopted all the necessary technical and organisational measures to ensure the security and integrity of the personal data to be processed, as well as to prevent their loss, alteration, and\/or access by unauthorised third parties.<\/p>\n<p><strong>IP ADDRESSES<\/strong><\/p>\n<p>Website servers will be able to automatically detect the IP address and domain name used by the user. An IP address is a number automatically assigned to a computer when connected to the Internet. All this information is recorded in a duly registered server activity file that enables the subsequent processing of the data in order to obtain only statistical measurements that make it possible to know the number of page views, the number of visits to the web services, the order of visits, the access point, etc.<\/p>\n<p>&nbsp;<\/p>\n<p><strong>SAFETY<\/strong><\/p>\n<p>The website uses generally accepted industry information security techniques such as firewalls, access control procedures, and cryptographic mechanisms to prevent unauthorised access to data. In order to achieve these purposes, the user\/client accepts that the provider may need to obtain data to authenticate these access controls.<\/p>\n<p>Any process that involves introduction of sensitive personal data (like health or ideology related, among others) shall always be transmitted by means of a secure communication protocol (https:\/\/&#8230;) including SSL certificates, so that no third party has access to the electronically transmitted information.<\/p>\n<p>[\/et_pb_text][\/et_pb_column][\/et_pb_row][\/et_pb_section]<\/p>\n","protected":false},"excerpt":{"rendered":"<p>Privacy policyDomain name: beremot.com Brand name: Vodka Beremot Company Name: Andalus\u00ed Beverages Sociedad Limitada Trade name: Andalus\u00ed Beverages Registered Office: Calle Jos\u00e9 Abascal, 48 \u2013 PISO 4 A, Madrid, 28003, Madrid TAX ID (NIF) NUMBER: B90196866 Phone number: 955278883 Email address: info@beremot.com Registration details: Trade Registry of Seville, Volume 6013, Folio 7, Page No. SE-105108, [&hellip;]<\/p>\n","protected":false},"author":1,"featured_media":0,"parent":0,"menu_order":0,"comment_status":"closed","ping_status":"closed","template":"","meta":{"_acf_changed":false,"_et_pb_use_builder":"on","_et_pb_old_content":"","_et_gb_content_width":"","footnotes":""},"class_list":["post-39879","page","type-page","status-publish","hentry"],"acf":[],"yoast_head":"<!-- This site is optimized with the Yoast SEO plugin v26.4 - https:\/\/yoast.com\/wordpress\/plugins\/seo\/ -->\n<title>Privacy policy - Beremot<\/title>\n<meta name=\"robots\" content=\"index, follow, max-snippet:-1, max-image-preview:large, max-video-preview:-1\" \/>\n<link rel=\"canonical\" href=\"https:\/\/beremot.com\/en\/privacy-policy\/\" \/>\n<meta property=\"og:locale\" content=\"en_US\" \/>\n<meta property=\"og:type\" content=\"article\" \/>\n<meta property=\"og:title\" content=\"Privacy policy - Beremot\" \/>\n<meta property=\"og:description\" content=\"Privacy policyDomain name: beremot.com Brand name: Vodka Beremot Company Name: Andalus\u00ed Beverages Sociedad Limitada Trade name: Andalus\u00ed Beverages Registered Office: Calle Jos\u00e9 Abascal, 48 \u2013 PISO 4 A, Madrid, 28003, Madrid TAX ID (NIF) NUMBER: B90196866 Phone number: 955278883 Email address: info@beremot.com Registration details: Trade Registry of Seville, Volume 6013, Folio 7, Page No. SE-105108, [&hellip;]\" \/>\n<meta property=\"og:url\" content=\"https:\/\/beremot.com\/en\/privacy-policy\/\" \/>\n<meta property=\"og:site_name\" content=\"Beremot\" \/>\n<meta property=\"article:modified_time\" content=\"2021-02-10T16:10:29+00:00\" \/>\n<meta name=\"twitter:card\" content=\"summary_large_image\" \/>\n<meta name=\"twitter:label1\" content=\"Est. reading time\" \/>\n\t<meta name=\"twitter:data1\" content=\"6 minutes\" \/>\n<script type=\"application\/ld+json\" class=\"yoast-schema-graph\">{\"@context\":\"https:\/\/schema.org\",\"@graph\":[{\"@type\":\"WebPage\",\"@id\":\"https:\/\/beremot.com\/en\/privacy-policy\/\",\"url\":\"https:\/\/beremot.com\/en\/privacy-policy\/\",\"name\":\"Privacy policy - Beremot\",\"isPartOf\":{\"@id\":\"https:\/\/beremot.com\/en\/#website\"},\"datePublished\":\"2021-02-10T16:10:28+00:00\",\"dateModified\":\"2021-02-10T16:10:29+00:00\",\"breadcrumb\":{\"@id\":\"https:\/\/beremot.com\/en\/privacy-policy\/#breadcrumb\"},\"inLanguage\":\"en-US\",\"potentialAction\":[{\"@type\":\"ReadAction\",\"target\":[\"https:\/\/beremot.com\/en\/privacy-policy\/\"]}]},{\"@type\":\"BreadcrumbList\",\"@id\":\"https:\/\/beremot.com\/en\/privacy-policy\/#breadcrumb\",\"itemListElement\":[{\"@type\":\"ListItem\",\"position\":1,\"name\":\"Portada\",\"item\":\"https:\/\/beremot.com\/en\/home\/\"},{\"@type\":\"ListItem\",\"position\":2,\"name\":\"Privacy policy\"}]},{\"@type\":\"WebSite\",\"@id\":\"https:\/\/beremot.com\/en\/#website\",\"url\":\"https:\/\/beremot.com\/en\/\",\"name\":\"Beremot\",\"description\":\"Otro sitio m\u00e1s de Red Andalus\u00ed Destilerias sitios\",\"publisher\":{\"@id\":\"https:\/\/beremot.com\/en\/#organization\"},\"potentialAction\":[{\"@type\":\"SearchAction\",\"target\":{\"@type\":\"EntryPoint\",\"urlTemplate\":\"https:\/\/beremot.com\/en\/?s={search_term_string}\"},\"query-input\":{\"@type\":\"PropertyValueSpecification\",\"valueRequired\":true,\"valueName\":\"search_term_string\"}}],\"inLanguage\":\"en-US\"},{\"@type\":\"Organization\",\"@id\":\"https:\/\/beremot.com\/en\/#organization\",\"name\":\"Beremot\",\"url\":\"https:\/\/beremot.com\/en\/\",\"logo\":{\"@type\":\"ImageObject\",\"inLanguage\":\"en-US\",\"@id\":\"https:\/\/beremot.com\/en\/#\/schema\/logo\/image\/\",\"url\":\"https:\/\/beremot.com\/wp-content\/uploads\/sites\/3\/2020\/09\/beremot-logo-web.png\",\"contentUrl\":\"https:\/\/beremot.com\/wp-content\/uploads\/sites\/3\/2020\/09\/beremot-logo-web.png\",\"width\":753,\"height\":204,\"caption\":\"Beremot\"},\"image\":{\"@id\":\"https:\/\/beremot.com\/en\/#\/schema\/logo\/image\/\"}}]}<\/script>\n<!-- \/ Yoast SEO plugin. -->","yoast_head_json":{"title":"Privacy policy - Beremot","robots":{"index":"index","follow":"follow","max-snippet":"max-snippet:-1","max-image-preview":"max-image-preview:large","max-video-preview":"max-video-preview:-1"},"canonical":"https:\/\/beremot.com\/en\/privacy-policy\/","og_locale":"en_US","og_type":"article","og_title":"Privacy policy - Beremot","og_description":"Privacy policyDomain name: beremot.com Brand name: Vodka Beremot Company Name: Andalus\u00ed Beverages Sociedad Limitada Trade name: Andalus\u00ed Beverages Registered Office: Calle Jos\u00e9 Abascal, 48 \u2013 PISO 4 A, Madrid, 28003, Madrid TAX ID (NIF) NUMBER: B90196866 Phone number: 955278883 Email address: info@beremot.com Registration details: Trade Registry of Seville, Volume 6013, Folio 7, Page No. SE-105108, [&hellip;]","og_url":"https:\/\/beremot.com\/en\/privacy-policy\/","og_site_name":"Beremot","article_modified_time":"2021-02-10T16:10:29+00:00","twitter_card":"summary_large_image","twitter_misc":{"Est. reading time":"6 minutes"},"schema":{"@context":"https:\/\/schema.org","@graph":[{"@type":"WebPage","@id":"https:\/\/beremot.com\/en\/privacy-policy\/","url":"https:\/\/beremot.com\/en\/privacy-policy\/","name":"Privacy policy - Beremot","isPartOf":{"@id":"https:\/\/beremot.com\/en\/#website"},"datePublished":"2021-02-10T16:10:28+00:00","dateModified":"2021-02-10T16:10:29+00:00","breadcrumb":{"@id":"https:\/\/beremot.com\/en\/privacy-policy\/#breadcrumb"},"inLanguage":"en-US","potentialAction":[{"@type":"ReadAction","target":["https:\/\/beremot.com\/en\/privacy-policy\/"]}]},{"@type":"BreadcrumbList","@id":"https:\/\/beremot.com\/en\/privacy-policy\/#breadcrumb","itemListElement":[{"@type":"ListItem","position":1,"name":"Portada","item":"https:\/\/beremot.com\/en\/home\/"},{"@type":"ListItem","position":2,"name":"Privacy policy"}]},{"@type":"WebSite","@id":"https:\/\/beremot.com\/en\/#website","url":"https:\/\/beremot.com\/en\/","name":"Beremot","description":"Otro sitio m\u00e1s de Red Andalus\u00ed Destilerias sitios","publisher":{"@id":"https:\/\/beremot.com\/en\/#organization"},"potentialAction":[{"@type":"SearchAction","target":{"@type":"EntryPoint","urlTemplate":"https:\/\/beremot.com\/en\/?s={search_term_string}"},"query-input":{"@type":"PropertyValueSpecification","valueRequired":true,"valueName":"search_term_string"}}],"inLanguage":"en-US"},{"@type":"Organization","@id":"https:\/\/beremot.com\/en\/#organization","name":"Beremot","url":"https:\/\/beremot.com\/en\/","logo":{"@type":"ImageObject","inLanguage":"en-US","@id":"https:\/\/beremot.com\/en\/#\/schema\/logo\/image\/","url":"https:\/\/beremot.com\/wp-content\/uploads\/sites\/3\/2020\/09\/beremot-logo-web.png","contentUrl":"https:\/\/beremot.com\/wp-content\/uploads\/sites\/3\/2020\/09\/beremot-logo-web.png","width":753,"height":204,"caption":"Beremot"},"image":{"@id":"https:\/\/beremot.com\/en\/#\/schema\/logo\/image\/"}}]}},"_links":{"self":[{"href":"https:\/\/beremot.com\/en\/wp-json\/wp\/v2\/pages\/39879","targetHints":{"allow":["GET"]}}],"collection":[{"href":"https:\/\/beremot.com\/en\/wp-json\/wp\/v2\/pages"}],"about":[{"href":"https:\/\/beremot.com\/en\/wp-json\/wp\/v2\/types\/page"}],"author":[{"embeddable":true,"href":"https:\/\/beremot.com\/en\/wp-json\/wp\/v2\/users\/1"}],"replies":[{"embeddable":true,"href":"https:\/\/beremot.com\/en\/wp-json\/wp\/v2\/comments?post=39879"}],"version-history":[{"count":2,"href":"https:\/\/beremot.com\/en\/wp-json\/wp\/v2\/pages\/39879\/revisions"}],"predecessor-version":[{"id":39881,"href":"https:\/\/beremot.com\/en\/wp-json\/wp\/v2\/pages\/39879\/revisions\/39881"}],"wp:attachment":[{"href":"https:\/\/beremot.com\/en\/wp-json\/wp\/v2\/media?parent=39879"}],"curies":[{"name":"wp","href":"https:\/\/api.w.org\/{rel}","templated":true}]}}